{"id":2365,"date":"2024-11-27T08:48:44","date_gmt":"2024-11-27T08:48:44","guid":{"rendered":"https:\/\/operadoropiegaro.it\/?page_id=2365"},"modified":"2025-08-27T17:02:09","modified_gmt":"2025-08-27T17:02:09","slug":"i-cammini-dei-ciclamini","status":"publish","type":"page","link":"https:\/\/operadoropiegaro.it\/en\/i-cammini-dei-ciclamini\/","title":{"rendered":"I Cammini dei Ciclamini"},"content":{"rendered":"<div data-elementor-type=\"wp-page\" data-elementor-id=\"2365\" class=\"elementor elementor-2365\" data-elementor-post-type=\"page\">\n\t\t\t\t\t\t<section class=\"elementor-section elementor-top-section elementor-element elementor-element-55d455a elementor-section-boxed elementor-section-height-default elementor-section-height-default\" data-id=\"55d455a\" data-element_type=\"section\">\n\t\t\t\t\t\t<div class=\"elementor-container elementor-column-gap-default\">\n\t\t\t\t\t<div class=\"elementor-column elementor-col-100 elementor-top-column elementor-element elementor-element-19e85dc\" data-id=\"19e85dc\" data-element_type=\"column\">\n\t\t\t<div class=\"elementor-widget-wrap elementor-element-populated\">\n\t\t\t\t\t\t<div class=\"elementor-element elementor-element-b9ab91e elementor-widget elementor-widget-heading\" data-id=\"b9ab91e\" data-element_type=\"widget\" data-widget_type=\"heading.default\">\n\t\t\t\t<div class=\"elementor-widget-container\">\n\t\t\t<h2 class=\"elementor-heading-title elementor-size-default\">Verso le citt\u00e0 pi\u00f9 belle<\/h2>\t\t<\/div>\n\t\t\t\t<\/div>\n\t\t\t\t\t<\/div>\n\t\t<\/div>\n\t\t\t\t\t<\/div>\n\t\t<\/section>\n\t\t\t\t<section class=\"elementor-section elementor-top-section elementor-element elementor-element-d2e601e elementor-section-full_width elementor-section-height-default elementor-section-height-default\" data-id=\"d2e601e\" data-element_type=\"section\">\n\t\t\t\t\t\t<div class=\"elementor-container elementor-column-gap-default\">\n\t\t\t\t\t<div class=\"elementor-column elementor-col-50 elementor-top-column elementor-element elementor-element-cd8dcc6\" data-id=\"cd8dcc6\" data-element_type=\"column\" data-settings=\"{&quot;background_background&quot;:&quot;classic&quot;}\">\n\t\t\t<div class=\"elementor-widget-wrap elementor-element-populated\">\n\t\t\t\t\t\t<div class=\"elementor-element elementor-element-67722ef elementor-widget elementor-widget-text-editor\" data-id=\"67722ef\" data-element_type=\"widget\" data-widget_type=\"text-editor.default\">\n\t\t\t\t<div class=\"elementor-widget-container\">\n\t\t\t\t\t\t\t<p>Questa proposta combina la necessit\u00e0 di visitare le citt\u00e0 pi\u00f9 belle dell&#8217;Umbria e della vicina Toscana con dei trekking con Guida Ambientale Escursionistica.\u00a0<\/p>\t\t\t\t\t\t<\/div>\n\t\t\t\t<\/div>\n\t\t\t\t\t<\/div>\n\t\t<\/div>\n\t\t\t\t<div class=\"elementor-column elementor-col-50 elementor-top-column elementor-element elementor-element-7c5a03a\" data-id=\"7c5a03a\" data-element_type=\"column\">\n\t\t\t<div class=\"elementor-widget-wrap elementor-element-populated\">\n\t\t\t\t\t\t<div class=\"elementor-element elementor-element-d55cb2c elementor--h-position-center elementor--v-position-middle elementor-arrows-position-inside elementor-widget elementor-widget-slides\" data-id=\"d55cb2c\" data-element_type=\"widget\" data-settings=\"{&quot;navigation&quot;:&quot;arrows&quot;,&quot;autoplay&quot;:&quot;yes&quot;,&quot;pause_on_hover&quot;:&quot;yes&quot;,&quot;pause_on_interaction&quot;:&quot;yes&quot;,&quot;autoplay_speed&quot;:5000,&quot;infinite&quot;:&quot;yes&quot;,&quot;transition&quot;:&quot;slide&quot;,&quot;transition_speed&quot;:500}\" data-widget_type=\"slides.default\">\n\t\t\t\t<div class=\"elementor-widget-container\">\n\t\t\t\t\t<div class=\"elementor-swiper\">\n\t\t\t<div class=\"elementor-slides-wrapper elementor-main-swiper swiper\" dir=\"ltr\" data-animation=\"fadeInUp\">\n\t\t\t\t<div class=\"swiper-wrapper elementor-slides\">\n\t\t\t\t\t\t\t\t\t\t<div class=\"elementor-repeater-item-c2fd95a swiper-slide\"><div class=\"swiper-slide-bg\" role=\"img\"><\/div><div class=\"swiper-slide-inner\" ><div class=\"swiper-slide-contents\"><\/div><\/div><\/div><div class=\"elementor-repeater-item-2e89785 swiper-slide\"><div class=\"swiper-slide-bg\" role=\"img\"><\/div><div class=\"swiper-slide-inner\" ><div class=\"swiper-slide-contents\"><\/div><\/div><\/div><div class=\"elementor-repeater-item-0f8592d swiper-slide\"><div class=\"swiper-slide-bg\" role=\"img\"><\/div><div class=\"swiper-slide-inner\" ><div class=\"swiper-slide-contents\"><\/div><\/div><\/div><div class=\"elementor-repeater-item-245583a swiper-slide\"><div class=\"swiper-slide-bg\" role=\"img\"><\/div><div class=\"swiper-slide-inner\" ><div class=\"swiper-slide-contents\"><div class=\"elementor-slide-description\">.<\/div><\/div><\/div><\/div><div class=\"elementor-repeater-item-f78aeb0 swiper-slide\"><div class=\"swiper-slide-bg\" role=\"img\"><\/div><div class=\"swiper-slide-inner\" ><div class=\"swiper-slide-contents\"><\/div><\/div><\/div>\t\t\t\t<\/div>\n\t\t\t\t\t\t\t\t\t\t\t\t\t\t\t\t\t\t\t\t<div class=\"elementor-swiper-button elementor-swiper-button-prev\" role=\"button\" tabindex=\"0\">\n\t\t\t\t\t\t\t<i aria-hidden=\"true\" class=\"eicon-chevron-left\"><\/i>\t\t\t\t\t\t\t<span class=\"elementor-screen-only\">Previous slide<\/span>\n\t\t\t\t\t\t<\/div>\n\t\t\t\t\t\t<div class=\"elementor-swiper-button elementor-swiper-button-next\" role=\"button\" tabindex=\"0\">\n\t\t\t\t\t\t\t<i aria-hidden=\"true\" class=\"eicon-chevron-right\"><\/i>\t\t\t\t\t\t\t<span class=\"elementor-screen-only\">Next slide<\/span>\n\t\t\t\t\t\t<\/div>\n\t\t\t\t\t\t\t\t\t\t\t\t<\/div>\n\t\t<\/div>\n\t\t\t\t<\/div>\n\t\t\t\t<\/div>\n\t\t\t\t\t<\/div>\n\t\t<\/div>\n\t\t\t\t\t<\/div>\n\t\t<\/section>\n\t\t\t\t<section class=\"elementor-section elementor-top-section elementor-element elementor-element-6faf480 elementor-section-boxed elementor-section-height-default elementor-section-height-default\" data-id=\"6faf480\" data-element_type=\"section\">\n\t\t\t\t\t\t<div class=\"elementor-container elementor-column-gap-default\">\n\t\t\t\t\t<div class=\"elementor-column elementor-col-100 elementor-top-column elementor-element elementor-element-aaa00a5\" data-id=\"aaa00a5\" data-element_type=\"column\">\n\t\t\t<div class=\"elementor-widget-wrap elementor-element-populated\">\n\t\t\t\t\t\t<div class=\"elementor-element elementor-element-72a3e93 elementor-widget elementor-widget-text-editor\" data-id=\"72a3e93\" data-element_type=\"widget\" data-widget_type=\"text-editor.default\">\n\t\t\t\t<div class=\"elementor-widget-container\">\n\t\t\t\t\t\t\t<p><strong>MONTE TEZIO-PERUGIA<\/strong>. Dista 36 km e si impiegano 40 minuti. Monte Tezio\u00a0 con i suoi 960 metri \u00e8 il monte pi\u00f9 alto dei massicci perugini. L&#8217;escursione proposta \u00e8 di circa 9 km,\u00a0 con dislivello di 4oo metri,\u00a0 si arriva in vetta dove nelle giornate limpide\u00a0 \u00a0si vede il Corno Grande del Gran Sasso.<\/p><p><span style=\"font-size: 1rem; font-weight: bolder;\">SUBASIO-ASSISI.<\/span><span style=\"font-size: 1rem;\">\u00a0<\/span><span style=\"font-size: 1rem;\">L&#8217;escursione proposta parte dall&#8217;Eremo delle Carceri (dista circa 55 km serve un&#8217;ora) uno dei luoghi francescani pi\u00f9 suggestivi. Si pu\u00f2 scegliere tra un percorso pi\u00f9 breve di circa 5 km con 300m di dislivello oppure fino in vetta con circa 9 km con 550 metri di dislivello.\u00a0 Il pomeriggio \u00e8 sufficiente per visitare Assisi, le sue vie i suoi palazzi e le sue chiese.<\/span><\/p><p><strong>CASTIGLIONCELLO SUL TRINORO E LA FAGGETA DI PIETRAPORCIANA<\/strong>. Dista 43 km dalla nostra struttura. <span style=\"font-size: 1rem;\">\u00c8 una escursione di circa 7 km che impegna mezza. Oltre all&#8217;interessantissimo abitato medievale reso albergo diffuso che guarda la val d&#8217;Orca si attraversano boschi e soprattutto una faggeta di bassa quota che ha trovato un ambiente di crescita ideale su una roccia calcarea orogenica formatasi dal antico mare pleistocenico<\/span><\/p>\t\t\t\t\t\t<\/div>\n\t\t\t\t<\/div>\n\t\t\t\t<div class=\"elementor-element elementor-element-681113e elementor-align-left elementor-widget elementor-widget-button\" data-id=\"681113e\" data-element_type=\"widget\" data-widget_type=\"button.default\">\n\t\t\t\t<div class=\"elementor-widget-container\">\n\t\t\t\t\t\t\t<div class=\"elementor-button-wrapper\">\n\t\t\t\t\t<a class=\"elementor-button elementor-button-link elementor-size-sm\" href=\"https:\/\/operadoropiegaro.it\/en\/contatti\/\">\n\t\t\t\t\t\t<span class=\"elementor-button-content-wrapper\">\n\t\t\t\t\t\t\t\t\t<span class=\"elementor-button-text\">Contact us<\/span>\n\t\t\t\t\t<\/span>\n\t\t\t\t\t<\/a>\n\t\t\t\t<\/div>\n\t\t\t\t\t\t<\/div>\n\t\t\t\t<\/div>\n\t\t\t\t\t<\/div>\n\t\t<\/div>\n\t\t\t\t\t<\/div>\n\t\t<\/section>\n\t\t\t\t<\/div>","protected":false},"excerpt":{"rendered":"<p>Verso le citt\u00e0 pi\u00f9 belle Questa proposta combina la necessit\u00e0 di visitare le citt\u00e0 pi\u00f9 belle dell&#8217;Umbria e della vicina Toscana con dei trekking con Guida Ambientale Escursionistica.\u00a0 . Diapositiva precedente Prossima diapositiva MONTE TEZIO-PERUGIA. Dista 36 km e si impiegano 40 minuti. Monte Tezio\u00a0 con i suoi 960 metri \u00e8 il monte pi\u00f9 alto [&hellip;]<\/p>","protected":false},"author":2,"featured_media":0,"parent":0,"menu_order":0,"comment_status":"closed","ping_status":"closed","template":"elementor_header_footer","meta":{"footnotes":""},"class_list":["post-2365","page","type-page","status-publish","hentry"],"_links":{"self":[{"href":"https:\/\/operadoropiegaro.it\/en\/wp-json\/wp\/v2\/pages\/2365","targetHints":{"allow":["GET"]}}],"collection":[{"href":"https:\/\/operadoropiegaro.it\/en\/wp-json\/wp\/v2\/pages"}],"about":[{"href":"https:\/\/operadoropiegaro.it\/en\/wp-json\/wp\/v2\/types\/page"}],"author":[{"embeddable":true,"href":"https:\/\/operadoropiegaro.it\/en\/wp-json\/wp\/v2\/users\/2"}],"replies":[{"embeddable":true,"href":"https:\/\/operadoropiegaro.it\/en\/wp-json\/wp\/v2\/comments?post=2365"}],"version-history":[{"count":92,"href":"https:\/\/operadoropiegaro.it\/en\/wp-json\/wp\/v2\/pages\/2365\/revisions"}],"predecessor-version":[{"id":3202,"href":"https:\/\/operadoropiegaro.it\/en\/wp-json\/wp\/v2\/pages\/2365\/revisions\/3202"}],"wp:attachment":[{"href":"https:\/\/operadoropiegaro.it\/en\/wp-json\/wp\/v2\/media?parent=2365"}],"curies":[{"name":"wp","href":"https:\/\/api.w.org\/{rel}","templated":true}]}}