{"id":2940,"date":"2025-05-06T17:02:09","date_gmt":"2025-05-06T17:02:09","guid":{"rendered":"https:\/\/operadoropiegaro.it\/?page_id=2940"},"modified":"2025-05-08T10:22:02","modified_gmt":"2025-05-08T10:22:02","slug":"forest-bathing","status":"publish","type":"page","link":"https:\/\/operadoropiegaro.it\/en\/forest-bathing\/","title":{"rendered":"Forest Bathing"},"content":{"rendered":"<div data-elementor-type=\"wp-page\" data-elementor-id=\"2940\" class=\"elementor elementor-2940\" data-elementor-post-type=\"page\">\n\t\t\t\t\t\t<section class=\"elementor-section elementor-top-section elementor-element elementor-element-e552102 elementor-section-full_width elementor-reverse-mobile elementor-section-height-default elementor-section-height-default\" data-id=\"e552102\" data-element_type=\"section\">\n\t\t\t\t\t\t<div class=\"elementor-container elementor-column-gap-default\">\n\t\t\t\t\t<div class=\"elementor-column elementor-col-50 elementor-top-column elementor-element elementor-element-1bad31b\" data-id=\"1bad31b\" data-element_type=\"column\" data-settings=\"{&quot;background_background&quot;:&quot;slideshow&quot;,&quot;background_slideshow_gallery&quot;:[],&quot;background_slideshow_loop&quot;:&quot;yes&quot;,&quot;background_slideshow_slide_duration&quot;:5000,&quot;background_slideshow_slide_transition&quot;:&quot;fade&quot;,&quot;background_slideshow_transition_duration&quot;:500}\">\n\t\t\t<div class=\"elementor-widget-wrap elementor-element-populated\">\n\t\t\t\t\t\t<div class=\"elementor-element elementor-element-3d765d8 elementor--h-position-center elementor--v-position-middle elementor-arrows-position-inside elementor-widget elementor-widget-slides\" data-id=\"3d765d8\" data-element_type=\"widget\" data-settings=\"{&quot;navigation&quot;:&quot;arrows&quot;,&quot;autoplay&quot;:&quot;yes&quot;,&quot;pause_on_hover&quot;:&quot;yes&quot;,&quot;pause_on_interaction&quot;:&quot;yes&quot;,&quot;autoplay_speed&quot;:5000,&quot;infinite&quot;:&quot;yes&quot;,&quot;transition&quot;:&quot;slide&quot;,&quot;transition_speed&quot;:500}\" data-widget_type=\"slides.default\">\n\t\t\t\t<div class=\"elementor-widget-container\">\n\t\t\t\t\t<div class=\"elementor-swiper\">\n\t\t\t<div class=\"elementor-slides-wrapper elementor-main-swiper swiper\" dir=\"ltr\" data-animation=\"fadeInUp\">\n\t\t\t\t<div class=\"swiper-wrapper elementor-slides\">\n\t\t\t\t\t\t\t\t\t\t<div class=\"elementor-repeater-item-8e99b30 swiper-slide\"><div class=\"swiper-slide-bg\" role=\"img\"><\/div><div class=\"swiper-slide-inner\" ><div class=\"swiper-slide-contents\"><\/div><\/div><\/div><div class=\"elementor-repeater-item-e17da69 swiper-slide\"><div class=\"swiper-slide-bg\" role=\"img\"><\/div><div class=\"swiper-slide-inner\" ><div class=\"swiper-slide-contents\"><\/div><\/div><\/div><div class=\"elementor-repeater-item-c4e7dea swiper-slide\"><div class=\"swiper-slide-bg\" role=\"img\"><\/div><div class=\"swiper-slide-inner\" ><div class=\"swiper-slide-contents\"><\/div><\/div><\/div><div class=\"elementor-repeater-item-4876d67 swiper-slide\"><div class=\"swiper-slide-bg\" role=\"img\"><\/div><div class=\"swiper-slide-inner\" ><div class=\"swiper-slide-contents\"><\/div><\/div><\/div><div class=\"elementor-repeater-item-efee0bb swiper-slide\"><div class=\"swiper-slide-bg\" role=\"img\"><\/div><div class=\"swiper-slide-inner\" ><div class=\"swiper-slide-contents\"><\/div><\/div><\/div>\t\t\t\t<\/div>\n\t\t\t\t\t\t\t\t\t\t\t\t\t\t\t\t\t\t\t\t<div class=\"elementor-swiper-button elementor-swiper-button-prev\" role=\"button\" tabindex=\"0\">\n\t\t\t\t\t\t\t<i aria-hidden=\"true\" class=\"eicon-chevron-left\"><\/i>\t\t\t\t\t\t\t<span class=\"elementor-screen-only\">Previous slide<\/span>\n\t\t\t\t\t\t<\/div>\n\t\t\t\t\t\t<div class=\"elementor-swiper-button elementor-swiper-button-next\" role=\"button\" tabindex=\"0\">\n\t\t\t\t\t\t\t<i aria-hidden=\"true\" class=\"eicon-chevron-right\"><\/i>\t\t\t\t\t\t\t<span class=\"elementor-screen-only\">Next slide<\/span>\n\t\t\t\t\t\t<\/div>\n\t\t\t\t\t\t\t\t\t\t\t\t<\/div>\n\t\t<\/div>\n\t\t\t\t<\/div>\n\t\t\t\t<\/div>\n\t\t\t\t\t<\/div>\n\t\t<\/div>\n\t\t\t\t<div class=\"elementor-column elementor-col-50 elementor-top-column elementor-element elementor-element-c9bd6bd\" data-id=\"c9bd6bd\" data-element_type=\"column\" data-settings=\"{&quot;background_background&quot;:&quot;classic&quot;}\">\n\t\t\t<div class=\"elementor-widget-wrap elementor-element-populated\">\n\t\t\t\t\t\t<div class=\"elementor-element elementor-element-63294fa elementor-widget elementor-widget-text-editor\" data-id=\"63294fa\" data-element_type=\"widget\" data-widget_type=\"text-editor.default\">\n\t\t\t\t<div class=\"elementor-widget-container\">\n\t\t\t\t\t\t\t<p>\ud83c\udf3f Immersione in Foresta e Forest Bathing: simili, ma non uguali.\u00a0\u00a0Tutto questo ci rigenera, ci calma, ci riporta a casa.<\/p><p>\ud83c\udf32 <b>Forest<\/b> <b>Bathing<\/b> \u2013 <b>Il bagno di foresta <\/b>(in giapponese Shinrin-yoku) \u00e8 nato in Giappone. Non \u00e8 un&#8217;escursione, n\u00e9 un&#8217;attivit\u00e0 sportiva, ma una pratica ben strutturata, guidata da un istruttore esperto. Ci si muove lentamente, si fanno esercizi di respirazione, si \u00e8 invitati a fermarsi, a respirare profondamente, ci si connette con l\u2019ambiente attraverso l\u2019udito, la vista, il tatto. Lo scopo \u00e8 uno solo: ritrovare calma, equilibrio e benessere.<\/p><p>\ud83c\udf33 <b>Immersione in foresta <\/b>\u2013 <b>Natura da vivere<\/b>. L\u2019immersione in foresta \u00e8 un\u2019esperienza pi\u00f9 libera, spontanea, vicina al nostro modo di vivere il bosco da bambini. Significa entrare nel verde con apertura, lasciarsi sorprendere da un raggio di sole tra le foglie, ascoltare il canto degli uccelli, camminare su un tappeto di muschio, lasciarsi guidare dalla <u>meraviglia <\/u>e dalla <u>curiosit\u00e0<\/u>.<\/p>\t\t\t\t\t\t<\/div>\n\t\t\t\t<\/div>\n\t\t\t\t\t<\/div>\n\t\t<\/div>\n\t\t\t\t\t<\/div>\n\t\t<\/section>\n\t\t\t\t<section class=\"elementor-section elementor-top-section elementor-element elementor-element-34c6dfa elementor-section-boxed elementor-section-height-default elementor-section-height-default\" data-id=\"34c6dfa\" data-element_type=\"section\">\n\t\t\t\t\t\t<div class=\"elementor-container elementor-column-gap-default\">\n\t\t\t\t\t<div class=\"elementor-column elementor-col-100 elementor-top-column elementor-element elementor-element-02621d5\" data-id=\"02621d5\" data-element_type=\"column\">\n\t\t\t<div class=\"elementor-widget-wrap elementor-element-populated\">\n\t\t\t\t\t\t<div class=\"elementor-element elementor-element-a0eaf92 elementor-widget elementor-widget-text-editor\" data-id=\"a0eaf92\" data-element_type=\"widget\" data-widget_type=\"text-editor.default\">\n\t\t\t\t<div class=\"elementor-widget-container\">\n\t\t\t\t\t\t\t<p>\ud83c\udf3f Il programma&nbsp;<\/p>\n<p>\ud83d\udccdDomenica \u2013 Arrivo e check-in\u2022&nbsp; Introduzione teorica all&#8217;Immersione in Foresta \u2022&nbsp; Cena conviviale offerta dalla casa \u2022&nbsp; Passeggiata serale nei dintorni<\/p>\n<p>\ud83d\udccdLuned\u00ec \u2013 alle ore 9,00 si parte per il vicino <b>Bosco di Piegaro,<\/b>&nbsp; (\u00e8 a 10 km dalla struttura) l\u2019unico nella nostra regione ad&nbsp; avere una certificazione <b>PEFC, <\/b>destinato alla selvicoltura ma gestito in un modo da favorire un livello di biodiversit\u00e0 pi\u00f9 alto rispetto alle gestioni tradizionali. Ci soffermeremo sugli attrattori naturali che incoraggiano una relazione con gli ambienti boschivi. Oltre alla querceta, che si alterna al carpineto e qua e l\u00e0 specie pi\u00f9 rare come il pino silvestre e il ciavardello&nbsp; una imponente piantagione di abete di Douglas allestita alla fine degli anni 60 domina la parte centrale del bosco. Il pomeriggio \u00e8 libero e si possono visitare i luoghi circostanti (Piegaro, Panicale\u2026Il museo Paleontologico di Pietrafitta e relax al lago di Pietrafitta)&nbsp;<\/p>\n<p>\ud83d\udccdMarted\u00ec \u2013&nbsp;&nbsp;<span style=\"font-size: 1rem;\">Partiamo alle 9<\/span><span style=\"font-size: 1rem;\">,00<\/span><span style=\"font-size: 1rem;\">&nbsp;<\/span><span style=\"font-size: 1rem;\">andremo&nbsp;<\/span><span style=\"font-size: 1rem;\">al<\/span><span style=\"font-size: 1rem;\"><strong> Bosco del Pobeto <\/strong>la particolarit\u00e0 di questo bosco&nbsp;<\/span>situato nel comune di Citt\u00e0 della Pieve,&nbsp; \u00e8 che si trovano numerosi esemplari di faggio ben sviluppati, particolarmente notevoli poich\u00e9 crescono a un&#8217;altitudine inferiore rispetto al solito per questa specie in Italia centrale. Pomeriggio libero visita a Citt\u00e0 della Pieve.&nbsp;<\/p>\n<p>\ud83d\udccd&nbsp;<span style=\"font-size: 1rem;\">Mercoled\u00ec \u2013 giornata libera<\/span><\/p>\n<p>\ud83d\udccdGioved\u00ec \u2013 Partiamo alle ore 9,00&nbsp; per il&nbsp;<span style=\"font-size: 1rem; font-weight: 700;\">Parco dei Sette Frati<\/span><span style=\"font-size: 1rem; font-weight: 700;\">&nbsp;<\/span><span style=\"font-size: 1rem;\">(sono 40 km e si impiegano 60&#8242;);&nbsp;<\/span><span style=\"font-size: 1rem;\">\u00e8 una zona dominata da cerro, leccio, orniello, carpino nero e alcune conifere, interessanti le radure che consentono di abbinare delle attivit\u00e0 negli spazi aperti. Pomeriggio liberso si consiglia la visita ad Orvieto.<\/span><\/p>\n<p><span style=\"font-size: 1rem;\">\ud83d\udccdVenerd\u00ec \u2013 partiamo alle ore 9,30 per <\/span><b style=\"font-size: 1rem;\">Montemalbe<\/b><b style=\"font-size: 1rem;\">&nbsp; <\/b><span style=\"font-size: 1rem;\">(sono 30 km si impiegano 40 minuiti). fu riserva di legname utilizzata dai perugini fino all\u2019avvento del carbone ) nel vecchio castagneto, nelle ampie radure e in alcuni sentieri&nbsp;<\/span><span style=\"font-size: 1rem;\">consente una ulteriore esperienza dove si cerca di rielaborare le conoscenze apprese in una visione integrativa, aprendosi anche ad una consapevolezza pi\u00f9 ampia che porti nel tempo ad azioni concrete rivolte al benessere del pianeta.&nbsp;<\/span><span style=\"font-size: 1rem;\">&nbsp;Dopo pranzo nel pomeriggio si possono visitare alcuni dei siti pi\u00f9 caratteristici di Perugia come la Fortezza del Cassero e la Torre degli Sciri.<\/span><\/p>\n<p><span style=\"font-size: 1rem;\">\ud83d\udccd Sabato &#8211;&nbsp;<\/span>Possibilit\u00e0 di estendere a 7 giorni includendo un secondo giorno di relax o esplorazione libera.<\/p>\t\t\t\t\t\t<\/div>\n\t\t\t\t<\/div>\n\t\t\t\t<div class=\"elementor-element elementor-element-50b595e elementor-align-left elementor-widget elementor-widget-button\" data-id=\"50b595e\" data-element_type=\"widget\" data-widget_type=\"button.default\">\n\t\t\t\t<div class=\"elementor-widget-container\">\n\t\t\t\t\t\t\t<div class=\"elementor-button-wrapper\">\n\t\t\t\t\t<a class=\"elementor-button elementor-button-link elementor-size-sm\" href=\"https:\/\/operadoropiegaro.it\/en\/contatti\/\">\n\t\t\t\t\t\t<span class=\"elementor-button-content-wrapper\">\n\t\t\t\t\t\t\t\t\t<span class=\"elementor-button-text\">Contact us<\/span>\n\t\t\t\t\t<\/span>\n\t\t\t\t\t<\/a>\n\t\t\t\t<\/div>\n\t\t\t\t\t\t<\/div>\n\t\t\t\t<\/div>\n\t\t\t\t\t<\/div>\n\t\t<\/div>\n\t\t\t\t\t<\/div>\n\t\t<\/section>\n\t\t\t\t<\/div>","protected":false},"excerpt":{"rendered":"<p>Previous slide Next slide \ud83c\udf3f Immersione in Foresta e Forest Bathing: simili, ma non uguali.\u00a0\u00a0Tutto questo ci rigenera, ci calma, ci riporta a casa. \ud83c\udf32 Forest Bathing \u2013 Il bagno di foresta (in giapponese Shinrin-yoku) \u00e8 nato in Giappone. Non \u00e8 un&#8217;escursione, n\u00e9 un&#8217;attivit\u00e0 sportiva, ma una pratica ben strutturata, guidata da un istruttore esperto. [&hellip;]<\/p>","protected":false},"author":2,"featured_media":0,"parent":0,"menu_order":0,"comment_status":"closed","ping_status":"closed","template":"","meta":{"footnotes":""},"class_list":["post-2940","page","type-page","status-publish","hentry"],"_links":{"self":[{"href":"https:\/\/operadoropiegaro.it\/en\/wp-json\/wp\/v2\/pages\/2940","targetHints":{"allow":["GET"]}}],"collection":[{"href":"https:\/\/operadoropiegaro.it\/en\/wp-json\/wp\/v2\/pages"}],"about":[{"href":"https:\/\/operadoropiegaro.it\/en\/wp-json\/wp\/v2\/types\/page"}],"author":[{"embeddable":true,"href":"https:\/\/operadoropiegaro.it\/en\/wp-json\/wp\/v2\/users\/2"}],"replies":[{"embeddable":true,"href":"https:\/\/operadoropiegaro.it\/en\/wp-json\/wp\/v2\/comments?post=2940"}],"version-history":[{"count":31,"href":"https:\/\/operadoropiegaro.it\/en\/wp-json\/wp\/v2\/pages\/2940\/revisions"}],"predecessor-version":[{"id":3176,"href":"https:\/\/operadoropiegaro.it\/en\/wp-json\/wp\/v2\/pages\/2940\/revisions\/3176"}],"wp:attachment":[{"href":"https:\/\/operadoropiegaro.it\/en\/wp-json\/wp\/v2\/media?parent=2940"}],"curies":[{"name":"wp","href":"https:\/\/api.w.org\/{rel}","templated":true}]}}